{"id":209,"date":"2009-07-26T09:28:40","date_gmt":"2009-07-26T07:28:40","guid":{"rendered":"http:\/\/www.armoria.info\/actualizaciones\/index.php\/209"},"modified":"2009-07-26T09:59:03","modified_gmt":"2009-07-26T07:59:03","slug":"209","status":"publish","type":"page","link":"https:\/\/www.armoria.info\/actualizaciones\/209\/","title":{"rendered":"La heraldica del monasterio de Sant Pau del Camp"},"content":{"rendered":"<p style=\"margin: 0cm 0cm 0pt\" class=\"MsoTitle\" align=\"center\"><strong><font face=\"Arial\"><em><span style=\"color: green\" lang=\"ES-TRAD\"><\/span><\/em><\/font><\/strong><\/p>\n<p style=\"margin: 0cm 0cm 0pt\" class=\"MsoTitle\" align=\"center\"><strong><font face=\"Arial\"><em><span style=\"color: green\" lang=\"ES-TRAD\"><\/span><\/em><\/font><\/strong><\/p>\n<p style=\"margin: 0cm 0cm 0pt\" class=\"MsoTitle\" align=\"center\"><strong><font face=\"Arial\"><em><span style=\"color: green\" lang=\"ES-TRAD\">La actualizaci\u00f3n<span>\u00a0 <\/span>del \u201cLibro de Armoria\u201d, se realizar\u00e1 el 1 de septiembre con el Monogr\u00e1fico dedicado a la Her\u00e1ldica del Monasterio de Sant Pau del Camp, en Barcelona.<\/span><\/em><span lang=\"ES-TRAD\"><span><font color=\"#993300\">\u00a0\u00a0\u00a0 <\/font><\/span><\/span><\/font><\/strong><\/p>\n<p><span lang=\"ES-TRAD\"><strong><font color=\"#993300\"><font face=\"Arial\">\u00a0<\/font><\/font><\/strong><\/span><span lang=\"ES-TRAD\"><strong><font color=\"#993300\"><font face=\"Arial\">\u00a0<\/font><\/font><\/strong><\/span><span lang=\"ES-TRAD\"><strong><font color=\"#993300\"><font face=\"Arial\">\u00a0<\/font><\/font><\/strong><\/span><span lang=\"ES-TRAD\"><strong><font color=\"#993300\"><font face=\"Arial\">\u00a0<\/font><\/font><\/strong><\/span><\/p>\n<p style=\"margin: 0cm 0cm 0pt\" class=\"MsoTitle\" align=\"center\"><span lang=\"ES-TRAD\"><strong><font face=\"Arial\" color=\"#993300\">LA HER\u00c1LDICA EN EL MONASTERIO DE SANT PAU DEL CAMP <\/font><\/strong><\/span><span style=\"font-family: Arial; color: #993300\" lang=\"ES-TRAD\"><strong>(Barcelona)<\/strong><\/span><strong><span style=\"font-family: Arial; color: #993300\" lang=\"ES-TRAD\">\u00a0<\/span><\/strong><\/p>\n<p><strong><span style=\"font-family: Arial; color: #993300\" lang=\"ES-TRAD\"><\/span><\/strong><span style=\"font-size: 11pt\" lang=\"ES-TRAD\"><font face=\"Arial\">A extramuros de la Ciudad Condal y casi tocando la falda de Montjuic, exist\u00eda hasta bien entrado el siglo XIX una expl\u00e9ndida llanura dedicada al cultivo, de hortalizas y cereales. Tambi\u00e9n un n\u00facleo urbano de alquer\u00edas habitadas desde los tiempos de la conquista de Roma.<\/font><\/span><span style=\"font-family: Arial; color: black; font-size: 11pt\" lang=\"ES-TRAD\">\u00a0<\/span><\/p>\n<p><span style=\"font-family: Arial; color: black; font-size: 11pt\" lang=\"ES-TRAD\"><\/span><\/p>\n<p><span style=\"font-family: Arial; color: black; font-size: 11pt\" lang=\"ES-TRAD\"><\/span><strong><em><span style=\"font-family: Arial; color: #993300; font-size: 11pt\" lang=\"ES-TRAD\">Su historia<\/span><\/em><\/strong><strong><em><span style=\"font-family: Arial; color: #993300; font-size: 11pt\" lang=\"ES-TRAD\">\u00a0<\/span><\/em><\/strong><\/p>\n<p><em><span style=\"font-family: Arial; color: #993300; font-size: 11pt\" lang=\"ES-TRAD\"><\/span><\/em><strong><span style=\"font-family: Arial; color: black; font-size: 11pt\" lang=\"ES-TRAD\">Es muy escasa la documentaci\u00f3n sobre el monasterio de Sant Pau del Camp y adem\u00e1s sumamente confusa, seg\u00fan los historiadores barceloneses.<\/span><em><span style=\"font-family: Arial; color: #993300; font-size: 11pt\" lang=\"ES-TRAD\"> <\/span><\/em><\/strong><span><strong><span>\u00a0<\/span>Se dice que fue fundada por el conde catal\u00e1n Guifr\u00e9 Borrell entre los a\u00f1os 897 y 911, seg\u00fan la l\u00e1pida funeraria de este conde hallada en el a\u00f1o en unas excavaciones<\/strong> en enero de 1596 y actualmente adosada al muro del brazo izquierdo de la iglesia bajo el crucero. <\/span><span style=\"font-family: Arial; font-size: 11pt\">En la Sala Capitular (siglo XIV) actualmente se conserva la l\u00e1pida sepulcral del presumiblemente fundador, el conde Wifredo II de Barcelona, que quiso ser enterrado en este monasterio, en el a\u00f1o 911.<\/span><span style=\"font-family: Arial; color: black; font-size: 11pt\">\u00a0<\/span>\u00a0<span style=\"font-family: Arial; color: black; font-size: 11pt\" lang=\"ES-TRAD\">\u00a0<\/span><\/p>\n<p><span style=\"font-family: Arial; color: black; font-size: 11pt\" lang=\"ES-TRAD\"><\/span><span style=\"font-family: Arial; color: black; font-size: 11pt\" lang=\"ES-TRAD\">Desde su fundaci\u00f3n hasta el saqueo de Almanzor (otro Bin Laden al uso), en el a\u00f1o 985, en correr\u00edas por la Pen\u00ednsula Ib\u00e9rica, sembrando devastaci\u00f3n a donde quiera pasara, no hay ning\u00fan documento escrito, quedando como una simple iglesia, que no alberg\u00f3 ninguna comunidad religiosa hasta su segunda fundaci\u00f3n.<\/span><span style=\"font-family: Arial; color: black; font-size: 11pt\" lang=\"ES-TRAD\">\u00a0<\/span><\/p>\n<p><span style=\"font-family: Arial; color: black; font-size: 11pt\" lang=\"ES-TRAD\"><\/span><span style=\"font-family: Arial; color: black; font-size: 11pt\" lang=\"ES-TRAD\">Los nobles Geribert Guitard y su esposa Rotlandis, fundadores del linaje de los Belloc, lo volvieron a reconstruir a sus expensas y lo unieron administrativamente al monasterio de Sant Cugat del Vall\u00e9s para que pudiera constituir una nueva comunidad monacal benidictina, transform\u00e1ndose en calidad de Priorato.<\/span><span style=\"font-family: Arial; color: black; font-size: 11pt\" lang=\"ES-TRAD\">\u00a0<\/span><span style=\"font-family: Arial; color: black; font-size: 11pt\" lang=\"ES-TRAD\">\u00a0<\/span><\/p>\n<p><span style=\"font-family: Arial; color: black; font-size: 11pt\" lang=\"ES-TRAD\"><\/span><span style=\"font-family: Arial; font-size: 11pt\">En el siglo XIV, se construy\u00f3 una segunda muralla defensiva en la ciudad y Sant Pau del Camp qued\u00f3 finalmente englobada entre las dos en el recinto amurallado. <\/span><span style=\"font-family: Arial; color: black; font-size: 11pt\" lang=\"ES-TRAD\">\u00a0<\/span><span style=\"font-family: Arial; color: black; font-size: 11pt\" lang=\"ES-TRAD\">En el siglo XIII ya no depend\u00eda de Sant Cugat; y en el a\u00f1o 1490 se celebr\u00f3 en Sant Pau del Camp el \u00faltimo cap\u00edtulo general de las dos provincias eclesi\u00e1sticas de Tarragona y Zaragoza. Y en el a\u00f1o 1508 se une al monasterio benedictino de Montserrat, en el 1593 pasa otra vez a depender del de Sant Cugat y el a\u00f1o 1617 para a depender del monasterio de la Portella del Bergued\u00e0, cerca de la ciudad de Berga. Los monjes lo abandonar\u00e1n definitivamente por el decreto de exclautraci\u00f3n por la Ley creada de Mendiz\u00e1bal en el 1835. El a\u00f1o 1897 fue declarado monumento nacional<\/span><span style=\"font-family: Arial; color: black; font-size: 11pt\" lang=\"ES-TRAD\">\u00a0<\/span><span style=\"font-family: Arial; color: black; font-size: 11pt\" lang=\"ES-TRAD\">\u00a0<\/span><\/p>\n<h1 style=\"margin: 0cm 0cm 0pt\"><span lang=\"ES-TRAD\"><em><font size=\"3\" face=\"Arial\" color=\"#993300\">Su estructura<\/font><\/em><\/span><\/h1>\n<p><span style=\"font-family: Arial; color: black; font-size: 11pt\" lang=\"ES-TRAD\">\u00a0<\/span><span style=\"font-family: Arial; color: black; font-size: 11pt\" lang=\"ES-TRAD\">La estructura de la antigua iglesia fue totalmente renovada hacia el siglo XIII, con un tipo de construcci\u00f3n de planta rom\u00e1nica de una nave con cruceros, tres \u00e1bsides y cimborio. Se utiliz\u00f3 la piedra labrada en las partes nobles, procedente de las canteras de Montju\u00efc, como la puerta y la parte alta de la fachada y los arcos sustentados por canecillos decorados con diversos motivos, que la circundan en las paredes y \u00e1bsides y en algunas partes internas de la nave. Con la aparici\u00f3n de la arquitectura g\u00f3tica se le a\u00f1adieron elementos de este nuevo orden, parte del claustro, por ejemplo.<\/span><span style=\"font-family: Arial; color: black; font-size: 11pt\" lang=\"ES-TRAD\">\u00a0<\/span><span style=\"font-family: Arial; color: black; font-size: 11pt\" lang=\"ES-TRAD\">En la portada fueron aprovechados dos capiteles de m\u00e1rmol de dise\u00f1o visig\u00f3tico que sostienen unas impostas decoradas con motivo geom\u00e9tricos.<\/span><span style=\"font-family: Arial; color: black; font-size: 11pt\" lang=\"ES-TRAD\">\u00a0<\/span><span style=\"font-family: Arial; color: black; font-size: 11pt\" lang=\"ES-TRAD\">En el relieve del t\u00edmpano se representa la majestad del Se\u00f1or entre San Pablo y San Pedro, motivos muy frecuentes en el arte rom\u00e1nico en muchas construcciones de este tipo. A cada lado del arco emergen el le\u00f3n y el toro s\u00edmbolos de los evangelistas, y en relieves m\u00e1s altos, el Angel y el Aguila entre los cuales aoarece la mano de Dios bendiciendo, tambi\u00e9n s\u00edmbolos muy extendidos. <\/span><\/p>\n<p><span style=\"font-family: Arial; color: black; font-size: 11pt\" lang=\"ES-TRAD\">En la inscripci\u00f3n del dintel se recuerda a los personajes nobles que sufragaron la obra de la nueva iglesia.<\/span><span style=\"font-family: Arial; color: black; font-size: 11pt\" lang=\"ES-TRAD\">\u00a0<\/span><span style=\"font-family: Arial; font-size: 11pt\">El recinto fue nuevamente devastado durante la Semana Tr\u00e1gica de 1909 y en <a href=\"http:\/\/es.wikipedia.org\/wiki\/1936\" title=\"1936\" target=\"_blank\" rel=\"noopener\"><font color=\"#0000ff\">1936<\/font><\/a>. <\/span><\/p>\n<p><span style=\"font-family: Arial; font-size: 11pt\">Desde entonces se han realizado diversas restauraciones, que dieron fruto a nuevos hallazgos arqueol\u00f3gicos de notable inter\u00e9s hist\u00f3rico.<\/span><span style=\"font-family: Arial; color: black; font-size: 11pt\" lang=\"ES-TRAD\"><\/span><span style=\"font-family: Arial; color: black; font-size: 11pt\" lang=\"ES-TRAD\">\u00a0<\/span><\/p>\n<h1 style=\"margin: 0cm 0cm 0pt\"><span lang=\"ES-TRAD\"><em><font size=\"3\" face=\"Arial\" color=\"#993300\">El claustro<\/font><\/em><\/span><\/h1>\n<p><strong><span style=\"font-family: Arial; color: #993300; font-size: 11pt\" lang=\"ES-TRAD\"><\/span><\/strong><\/p>\n<p style=\"margin: 0cm 0cm 0pt\" class=\"MsoBodyText2\"><span lang=\"ES-TRAD\"><font face=\"Arial\">El claustro es de peque\u00f1as dimensiones como corresponde a un monasterio benedictino es reducido, recuerda a otros de la \u00e9poca en Catalunya. La obra art\u00edstica, seg\u00fan los entendidos, se mueve entre las influencias lombardas y morisca que produjeron los arcos lobulados y la labor de unos constructores en otros monumentos del siglo XIII que conserva la ciudad de Barcelona, que no son muchos por cierto.<\/font><\/span><\/p>\n<p><span lang=\"ES-TRAD\"><\/span><\/p>\n<p style=\"margin: 0cm 0cm 0pt\" class=\"MsoBodyText2\"><span lang=\"ES-TRAD\"><font face=\"Arial\">La construcci\u00f3n de este claustro posiblemente debi\u00f3 seguir a poco tardar de la reforma de la iglesia. Forma un patio cuadrado con refuerzos intermedios al centro de las galer\u00edas, que discurren sobre columnas emparejadas que manifiesta una tradici\u00f3n cisterciense que le prestan un encanto singular. Las figuras que adornan los capiteles, recuerdan al claustro del monasterio de San Cugat: leones, aves de rapi\u00f1as y p\u00e1jaros muy acorden con la \u00e9poca de construcci\u00f3n. No faltan las sirenas, ni las luchas de guerreros con monstruos y leones que recuerdan al mural que se halla en los exteriores de la catedral de Barcelona, en la puerta de Sant Iv (San Ivo), en la calle de los condes de Barcelona.<\/font><\/span><\/p>\n<p><span lang=\"ES-TRAD\"><font face=\"Arial\">\u00a0<\/font><\/span><strong><em><span style=\"color: #993300\" lang=\"ES-TRAD\"><font face=\"Arial\">Su her\u00e1ldica<\/font><\/span><\/em><\/strong><strong><em><span style=\"color: #993300\" lang=\"ES-TRAD\"><font face=\"Arial\">\u00a0<\/font><\/span><\/em><\/strong><\/p>\n<p style=\"margin: 0cm 0cm 0pt\" class=\"MsoBodyText2\"><span lang=\"ES-TRAD\"><font face=\"Arial\">Actualmente alberga en el claustro algunos sepulcros con los escudos de diversas familias de la nobleza media catalana del siglo XIII, como la de los <a href=\"http:\/\/www.armoria.info\" title=\"letra B\">Belloch, Belloc, Belloqui, Bellochi,<\/a> como registran algunos manuscritos antiguos (Belloqui o Bellochi, es sin duda una latinizaci\u00f3n del apellido Belloch), de tanto arraigo en tierras catalanas y aragonesas; o los <a href=\"http:\/\/www.armoria.info\" title=\"Libro de Armoria, letra O\">Olcinellas o Uncinellas,<\/a>\u00a0tan extendidos por Catalunya, Arag\u00f3n y Valencia, los <a href=\"http:\/\/www.armoria.info\" title=\"Libro de Armoria, letra D\">Desprats o Dezprats\u00a0<\/a>otro linaje muy prol\u00edfico en tierras catalanoaragonesas y que tantas veces hemos visto dibujados en los nobiliarios actuales y manuscritos los escudos de estas familias. En total son unas cuatro familias que todav\u00eda quedan enterradas en sus arcosolios con los sepulcros armoriados y esculpidas sus armas en sus tumbas, pero debi\u00f3 albergar a m\u00e1s linajes barceloneses, as\u00ed el manuscrito Ms B-87, an\u00f3nimo datado del siglo XVI, cita algunas familias m\u00e1s, aunque actualmente s\u00f3lo existen estos cuatro sepulcros blasonados. <span>\u00a0<\/span>Tambi\u00e9n como tapadera de un sumidero en el patio de entrada, se encuentran gravadas las armas de los Blanch o Blanc, triste destino de una lauda sepulcral de una de las familias m\u00e1s renombradas de la Barcelona medieval de finales del siglo XIII y principios del XIV.<\/font><\/span><\/p>\n<p><span lang=\"ES-TRAD\"><\/span><\/p>\n<p style=\"margin: 0cm 0cm 0pt\" class=\"MsoBodyText2\"><span lang=\"ES-TRAD\"><font face=\"Arial\">Llama la atenci\u00f3n al curioso heraldista, que en el suelo del claustro ni tampoco de la nave central de las laterales, existan otros enterramientos, es muy posible, que con las devastaciones que ha sufrido este monasterio y reformas, fueran eliminadas estas tumbas y con mejor suerte se encuentren en alg\u00fan museo. O en el peor de los casos en alguna mansi\u00f3n norteamericana, decorando alg\u00fan jard\u00edn,\u00a0vendida por un alg\u00fan chamarilero o anticuario.<\/font><\/span><\/p>\n<p><span lang=\"ES-TRAD\"><font face=\"Arial\">\u00a0<\/font><\/span><span lang=\"ES-TRAD\"><font face=\"Arial\">\u00a0<\/font><\/span><\/p>\n<p style=\"margin: 0cm 0cm 0pt\" class=\"MsoBodyText2\"><span lang=\"ES-TRAD\"><font face=\"Arial\">J. Sanz<\/font><\/span><\/p>\n<p style=\"margin: 0cm 0cm 0pt\" class=\"MsoBodyText2\"><span lang=\"ES-TRAD\"><a href=\"http:\/\/www.armoria.info\/\"><font face=\"Arial\">www.armoria.info<\/font><\/a><\/span><\/p>\n<p><span style=\"font-family: 'Times New Roman'; font-size: 12pt\">librodearmoria@yahoo.com<\/span><\/p>\n","protected":false},"excerpt":{"rendered":"<p>La actualizaci\u00f3n\u00a0 del \u201cLibro de Armoria\u201d, se realizar\u00e1 el 1 de septiembre con el Monogr\u00e1fico dedicado a la Her\u00e1ldica del Monasterio de Sant Pau del Camp, en Barcelona.\u00a0\u00a0\u00a0 \u00a0\u00a0\u00a0\u00a0 LA HER\u00c1LDICA EN EL MONASTERIO DE SANT PAU DEL CAMP (Barcelona)\u00a0 A extramuros de la Ciudad Condal y casi tocando la falda de Montjuic, exist\u00eda hasta &#8230; <a title=\"La heraldica del monasterio de Sant Pau del Camp\" class=\"read-more\" href=\"https:\/\/www.armoria.info\/actualizaciones\/209\/\" aria-label=\"Leer m\u00e1s sobre La heraldica del monasterio de Sant Pau del Camp\">Leer m\u00e1s<\/a><\/p>\n","protected":false},"author":1,"featured_media":0,"parent":0,"menu_order":0,"comment_status":"open","ping_status":"open","template":"","meta":[],"_links":{"self":[{"href":"https:\/\/www.armoria.info\/actualizaciones\/wp-json\/wp\/v2\/pages\/209"}],"collection":[{"href":"https:\/\/www.armoria.info\/actualizaciones\/wp-json\/wp\/v2\/pages"}],"about":[{"href":"https:\/\/www.armoria.info\/actualizaciones\/wp-json\/wp\/v2\/types\/page"}],"author":[{"embeddable":true,"href":"https:\/\/www.armoria.info\/actualizaciones\/wp-json\/wp\/v2\/users\/1"}],"replies":[{"embeddable":true,"href":"https:\/\/www.armoria.info\/actualizaciones\/wp-json\/wp\/v2\/comments?post=209"}],"version-history":[{"count":0,"href":"https:\/\/www.armoria.info\/actualizaciones\/wp-json\/wp\/v2\/pages\/209\/revisions"}],"wp:attachment":[{"href":"https:\/\/www.armoria.info\/actualizaciones\/wp-json\/wp\/v2\/media?parent=209"}],"curies":[{"name":"wp","href":"https:\/\/api.w.org\/{rel}","templated":true}]}}